{"id":4573,"date":"2024-12-16T12:16:29","date_gmt":"2024-12-16T11:16:29","guid":{"rendered":"https:\/\/aventurapatanegra.com\/producto\/kayak-javea-el-portitxol\/"},"modified":"2026-03-17T16:05:16","modified_gmt":"2026-03-17T15:05:16","slug":"kayak-javea-el-portitxol","status":"publish","type":"product","link":"https:\/\/aventurapatanegra.com\/fr\/producto\/kayak-javea-el-portitxol\/","title":{"rendered":"Kayak J\u00e1vea &#8211; El Portitxol"},"content":{"rendered":"<h2><strong>D\u00e9tails de l&rsquo;excursion<\/strong><\/h2>\n<ol>\n<li><strong>D\u00e9but de l&rsquo;aventure :<\/strong> notre excursion commence sur la paisible plage de Portixol, o\u00f9 vous recevrez tout l&rsquo;\u00e9quipement n\u00e9cessaire, ainsi qu&rsquo;un discours sur la s\u00e9curit\u00e9 et une introduction au kayak par nos guides exp\u00e9riment\u00e9s. Cette premi\u00e8re \u00e9tape vous pr\u00e9parera \u00e0 profiter pleinement de l&rsquo;excursion.<\/li>\n<li><strong>Naviguer vers des lieux embl\u00e9matiques :<\/strong> depuis la plage de Portixol, vous pagayerez vers l&rsquo;\u00eele de Portixol, un endroit d&rsquo;une grande beaut\u00e9 naturelle. Nous continuerons vers Cabo Negro, c\u00e9l\u00e8bre pour ses formations rocheuses uniques, et arriverons \u00e0 Paradis Beach, un endroit isol\u00e9 parfait pour profiter de l&rsquo;environnement m\u00e9diterran\u00e9en.<\/li>\n<li><strong>Exploration de la Cova dels Orgens :<\/strong> le joyau de l&rsquo;excursion est la visite de la Cova dels Orgens, une grotte marine qui vous impressionnera par sa taille et ses eaux cristallines. Vous pourrez vous y baigner et explorer ses recoins myst\u00e9rieux en faisant du snorkeling, dans un environnement totalement naturel.<\/li>\n<li><strong>Pause et relaxation :<\/strong> au cours du trajet, nous ferons une halte strat\u00e9gique, o\u00f9 vous pourrez d\u00e9guster un d\u00e9licieux d\u00e9jeuner et vous reposer tout en vous rapprochant de l&rsquo;environnement. C&rsquo;est le moment id\u00e9al pour se baigner, se d\u00e9tendre et immortaliser des souvenirs uniques.<\/li>\n<li><strong>Retour \u00e0 la plage de Portixol :<\/strong> le retour est l&rsquo;occasion de vous d\u00e9tendre dans votre kayak, d&rsquo;admirer une nouvelle fois le paysage et de vous laisser porter par le calme de la M\u00e9diterran\u00e9e avant de revenir au point de d\u00e9part.<\/li>\n<\/ol>\n<h2><strong>Pourquoi choisir notre excursion en kayak ?<\/strong><\/h2>\n<ul>\n<li><strong>Tr\u00e8s petits groupes :<\/strong> nous vous garantissons une attention personnalis\u00e9e \u00e0 tout moment. Pour cette excursion, le nombre maximum de participants est de <strong>6 personnes<\/strong>, accompagn\u00e9es par l&rsquo;un de nos <strong>guides<\/strong>.<\/li>\n<li><strong>Horaires exclusifs :<\/strong> Nous explorons aux heures creuses afin que cette activit\u00e9 devienne une <strong>exp\u00e9rience unique<\/strong> qui restera \u00e0 jamais grav\u00e9e dans votre m\u00e9moire.<\/li>\n<li><strong>Guides professionnels :<\/strong> kayakistes de mer qualifi\u00e9s et exp\u00e9riment\u00e9s.<\/li>\n<li><strong>D\u00e9jeuner inclus :<\/strong> Profitez d&rsquo;une pause d\u00e9licieuse dans un cadre paradisiaque.<\/li>\n<li><strong>Convient \u00e0 tous :<\/strong> Con\u00e7u pour les d\u00e9butants et les experts, avec l&rsquo;aide constante de nos guides.<\/li>\n<li><strong>Connexion avec la nature :<\/strong> vivez l&rsquo;exp\u00e9rience de naviguer dans des eaux cristallines, entour\u00e9 d&rsquo;une faune marine et de paysages spectaculaires.<\/li>\n<\/ul>\n<h2><strong>Que comprend l&rsquo;activit\u00e9 ?<\/strong><\/h2>\n<ul>\n<li>Kayak<\/li>\n<li>Gilet de sauvetage<\/li>\n<li>Combinaison en n\u00e9opr\u00e8ne<\/li>\n<li>Lunettes de plong\u00e9e<\/li>\n<li>Moniteurs sp\u00e9cialis\u00e9s<\/li>\n<li>Photos et\/ou vid\u00e9o de l&rsquo;exp\u00e9rience<\/li>\n<li>Collation et bouteille d&rsquo;eau<\/li>\n<li>Assurance accidents et responsabilit\u00e9 civile<\/li>\n<\/ul>\n<h2><strong>Informations cl\u00e9s :<\/strong><\/h2>\n<ul>\n<li><strong>Dur\u00e9e :<\/strong> environ 3 heures, dont 90 minutes d&rsquo;aviron (6 km).<\/li>\n<li><strong>\u00c2ge minimum :<\/strong> 14 ans (il faut savoir nager et \u00eatre assez fort pour pagayer).<\/li>\n<li><strong>Point de rencontre :<\/strong> Parking de la plage de <strong>Portixol \u00e0 J\u00e1vea<\/strong>.<\/li>\n<li><strong>Horaires :<\/strong> entre 7h30 et 10h30 selon la p\u00e9riode de l&rsquo;ann\u00e9e (\u00e0 confirmer lors de la r\u00e9servation).<\/li>\n<\/ul>\n<h2><strong>Conditions de r\u00e9servation et d&rsquo;annulation :<\/strong><\/h2>\n<ol>\n<li><strong>Paiement anticip\u00e9 :<\/strong> 20 \u20ac par personne pour garantir la place.<\/li>\n<li><strong>Confirmation de la r\u00e9servation :<\/strong> vous recevrez une confirmation par courriel ou par WhatsApp.<\/li>\n<li><strong>Annulations :<\/strong>\n<ul>\n<li>Plus de 48 heures \u00e0 l&rsquo;avance : Remboursement du pr\u00e9paiement ou changement de date sans frais.<\/li>\n<li>Moins de 48 heures \u00e0 l&rsquo;avance : Pas de remboursement de l&rsquo;acompte.<\/li>\n<li>Non pr\u00e9sentation : pas de remboursement.<\/li>\n<\/ul>\n<\/li>\n<li><strong>Reprogrammation :<\/strong>\n<ul>\n<li>Plus de 48 heures \u00e0 l&rsquo;avance : Pas de frais suppl\u00e9mentaires.<\/li>\n<li>Moins de 48 heures avant : Un nouveau pr\u00e9paiement est exig\u00e9.<\/li>\n<\/ul>\n<\/li>\n<li><strong>Exceptions :<\/strong> En cas d&rsquo;urgence m\u00e9dicale ou de situation exceptionnelle, nous \u00e9valuons les remboursements ou les reports de date au cas par cas.<\/li>\n<li><strong>Contact :<\/strong> Pour toute annulation ou reprogrammation, veuillez appeler le <strong>679 155 061<\/strong> en indiquant votre nom et les d\u00e9tails de l&rsquo;activit\u00e9.<\/li>\n<\/ol>\n<p>Rejoignez-nous dans cette aventure unique et d\u00e9couvrez la c\u00f4te du Cap de la Nao de J\u00e1vea d&rsquo;un point de vue totalement nouveau !<\/p>\n","protected":false},"excerpt":{"rendered":"<p>D\u00e9couvrez la magie de la Costa Blanca avec notre excursion en kayak de mer, con\u00e7ue pour explorer les secrets les mieux gard\u00e9s des falaises et des criques de J\u00e1vea. Nous partons de l&#8217;embl\u00e9matique plage de Portixol, en pagayant vers l&rsquo;impressionnante \u00eele de Portixol, l&rsquo;\u00e9nigmatique Cabo Negro, la plage paradisiaque de Paradis, pour aboutir \u00e0 la majestueuse Cova dels Orgens, sous le phare du Cap de la Nao. Au cours de cette excursion, vous serez immerg\u00e9 dans des paysages de r\u00eave, des eaux cristallines et un environnement naturel incomparable. Notre \u00e9quipe de guides experts et qualifi\u00e9s en kayak de mer vous accompagnera pour une exp\u00e9rience s\u00fbre, enrichissante et aventureuse. <strong>Types de r\u00e9servations disponibles :<\/strong><\/p>\n<ul>\n<li><strong>R\u00e9servation simple (20 \u20ac) :<\/strong> Garantit votre place et est d\u00e9duite du co\u00fbt total le jour de l&rsquo;activit\u00e9.<\/li>\n<li><strong>R\u00e9servation compl\u00e8te (60 \u20ac) :<\/strong> Payez la totalit\u00e9 \u00e0 l&rsquo;avance et ne vous inqui\u00e9tez pas.<\/li>\n<\/ul>\n<p><em>V\u00e9rifiez la disponibilit\u00e9 avant de r\u00e9server.<\/em><\/p>\n","protected":false},"featured_media":4430,"comment_status":"open","ping_status":"closed","template":"","meta":{"_joinchat":[]},"product_brand":[],"product_cat":[29],"product_tag":[],"class_list":{"0":"post-4573","1":"product","2":"type-product","3":"status-publish","4":"has-post-thumbnail","6":"product_cat-sans-categorie","8":"first","9":"instock","10":"taxable","11":"shipping-taxable","12":"purchasable","13":"product-type-variable"},"_links":{"self":[{"href":"https:\/\/aventurapatanegra.com\/fr\/wp-json\/wp\/v2\/product\/4573","targetHints":{"allow":["GET"]}}],"collection":[{"href":"https:\/\/aventurapatanegra.com\/fr\/wp-json\/wp\/v2\/product"}],"about":[{"href":"https:\/\/aventurapatanegra.com\/fr\/wp-json\/wp\/v2\/types\/product"}],"replies":[{"embeddable":true,"href":"https:\/\/aventurapatanegra.com\/fr\/wp-json\/wp\/v2\/comments?post=4573"}],"wp:featuredmedia":[{"embeddable":true,"href":"https:\/\/aventurapatanegra.com\/fr\/wp-json\/wp\/v2\/media\/4430"}],"wp:attachment":[{"href":"https:\/\/aventurapatanegra.com\/fr\/wp-json\/wp\/v2\/media?parent=4573"}],"wp:term":[{"taxonomy":"product_brand","embeddable":true,"href":"https:\/\/aventurapatanegra.com\/fr\/wp-json\/wp\/v2\/product_brand?post=4573"},{"taxonomy":"product_cat","embeddable":true,"href":"https:\/\/aventurapatanegra.com\/fr\/wp-json\/wp\/v2\/product_cat?post=4573"},{"taxonomy":"product_tag","embeddable":true,"href":"https:\/\/aventurapatanegra.com\/fr\/wp-json\/wp\/v2\/product_tag?post=4573"}],"curies":[{"name":"wp","href":"https:\/\/api.w.org\/{rel}","templated":true}]}}