{"id":4561,"date":"2024-12-16T12:25:27","date_gmt":"2024-12-16T11:25:27","guid":{"rendered":"https:\/\/aventurapatanegra.com\/producto\/randonnee-en-vtt\/"},"modified":"2026-03-17T16:05:17","modified_gmt":"2026-03-17T15:05:17","slug":"randonnee-en-vtt","status":"publish","type":"product","link":"https:\/\/aventurapatanegra.com\/fr\/producto\/randonnee-en-vtt\/","title":{"rendered":"Randonn\u00e9e en VTT"},"content":{"rendered":"<h2><strong>Des itin\u00e9raires de VTT pittoresques et stimulants. D\u00e9couvrez la Marina Alta sur deux roues <\/strong><\/h2>\n<p>Nos circuits sont con\u00e7us pour tous les niveaux, des d\u00e9butants aux cyclistes exp\u00e9riment\u00e9s. Vous emprunterez des pistes qui vous m\u00e8neront \u00e0 travers des for\u00eats luxuriantes, le long de falaises \u00e9poustouflantes surplombant la M\u00e9diterran\u00e9e, et dans des villages pittoresques o\u00f9 le temps semble s&rsquo;\u00eatre arr\u00eat\u00e9. Les points forts sont les suivants :  <\/p>\n<ul>\n<li><strong>El Montg\u00f3<\/strong>: Avec ses vues panoramiques \u00e0 couper le souffle, ce parc naturel propose des itin\u00e9raires difficiles qui r\u00e9compenseront vos efforts par des paysages \u00e0 couper le souffle.<\/li>\n<li><strong>R\u00e9gion de Jes\u00fas Pobre<\/strong>: Ce village pittoresque est le point de d\u00e9part id\u00e9al pour explorer les environs, avec des sentiers amusants qui vous emm\u00e8nent \u00e0 travers de superbes paysages ruraux.<\/li>\n<li><strong>Vall del Pop<\/strong>: Un itin\u00e9raire rapide qui vous permettra de profiter de la beaut\u00e9 de la nature de cette vall\u00e9e tout en vous faisant vibrer sur les nombreux sentiers et \u00e9preuves de la r\u00e9gion.<\/li>\n<\/ul>\n<h2><strong>Exp\u00e9rience et professionnalisme<\/strong><\/h2>\n<p>Nos guides sont des experts passionn\u00e9s de VTT qui connaissent tous les recoins de la Marina Alta. Avec des ann\u00e9es d&rsquo;exp\u00e9rience et une connaissance approfondie de la r\u00e9gion, ils se consacrent \u00e0 vous faire vivre une exp\u00e9rience s\u00fbre, passionnante et \u00e9ducative. Ils vous indiqueront non seulement le meilleur itin\u00e9raire adapt\u00e9 \u00e0 votre niveau, mais aussi des informations fascinantes sur la flore, la faune et l&rsquo;histoire locales.  <\/p>\n<h2><strong>Aventure personnalis\u00e9e<\/strong><\/h2>\n<p>Nous proposons des excursions sur mesure pour r\u00e9pondre \u00e0 vos besoins et \u00e0 vos attentes. Qu&rsquo;il s&rsquo;agisse d&rsquo;un voyage en solitaire, d&rsquo;une escapade romantique ou d&rsquo;une aventure en groupe, nous adaptons chaque excursion pour que vous viviez une exp\u00e9rience unique et inoubliable. <\/p>\n<h2><strong>Arr\u00eat caf\u00e9 et tartines<\/strong><\/h2>\n<p>Tous nos itin\u00e9raires pr\u00e9voient un arr\u00eat dans un charmant bar local pour y d\u00e9guster un caf\u00e9 et un toast, le tout \u00e9tant inclus dans le prix de la visite. Cette pause vous permettra de vous d\u00e9tendre, de vous ressourcer et de profiter de l&rsquo;ambiance locale. <\/p>\n<h2><strong>\u00c9quipement de premi\u00e8re classe<\/strong><\/h2>\n<p>Nous utilisons des v\u00e9los haut de gamme et fournissons tout l&rsquo;\u00e9quipement n\u00e9cessaire pour que vous vous sentiez \u00e0 l&rsquo;aise et en s\u00e9curit\u00e9 \u00e0 tout moment. Nous veillons \u00e0 ce que chaque v\u00e9lo soit en parfait \u00e9tat et nos guides vous montreront comment tirer le meilleur parti de votre \u00e9quipement. <\/p>\n<h2><strong>R\u00e9servez votre aventure<\/strong><\/h2>\n<p>N&rsquo;attendez plus pour vivre l&rsquo;exp\u00e9rience de la d\u00e9couverte de la Marina Alta en VTT. R\u00e9servez votre excursion d\u00e8s aujourd&rsquo;hui et pr\u00e9parez-vous \u00e0 vivre une aventure pleine d&rsquo;adr\u00e9naline, de paysages spectaculaires et de la meilleure compagnie. Avec nous, chaque coup de p\u00e9dale vous fera d\u00e9couvrir quelque chose de nouveau et d&rsquo;extraordinaire.  <\/p>\n<h2><strong>Contactez nous<\/strong><\/h2>\n<p>Pour plus d&rsquo;informations et de r\u00e9servations, n&rsquo;h\u00e9sitez pas \u00e0 nous contacter. Nous sommes l\u00e0 pour vous aider \u00e0 planifier votre prochaine grande aventure en VTT dans la magnifique Marina Alta. <\/p>\n","protected":false},"excerpt":{"rendered":"<p>Explorez la Marina Alta sous son meilleur jour gr\u00e2ce \u00e0 nos passionnantes excursions en VTT. Des belles villes de D\u00e9nia et J\u00e1vea aux coins les plus cach\u00e9s de cette r\u00e9gion spectaculaire, nous vous ferons d\u00e9couvrir des paysages incroyables et des itin\u00e9raires inoubliables. <\/p>\n<p><strong>Types de r\u00e9servations disponibles :<\/strong><\/p>\n<ul>\n<li><strong>R\u00e9servation simple (20 \u20ac) :<\/strong> Garantit votre place et est d\u00e9duite du co\u00fbt total le jour de l&rsquo;activit\u00e9.<\/li>\n<li><strong>R\u00e9servation Compl\u00e8te (60 \u20ac) :<\/strong> Payez la totalit\u00e9 \u00e0 l&rsquo;avance et ne vous inqui\u00e9tez pas.<\/li>\n<\/ul>\n","protected":false},"featured_media":4194,"comment_status":"open","ping_status":"closed","template":"","meta":{"_joinchat":[]},"product_brand":[],"product_cat":[29],"product_tag":[],"class_list":{"0":"post-4561","1":"product","2":"type-product","3":"status-publish","4":"has-post-thumbnail","6":"product_cat-sans-categorie","8":"first","9":"instock","10":"taxable","11":"shipping-taxable","12":"purchasable","13":"product-type-variable"},"_links":{"self":[{"href":"https:\/\/aventurapatanegra.com\/fr\/wp-json\/wp\/v2\/product\/4561","targetHints":{"allow":["GET"]}}],"collection":[{"href":"https:\/\/aventurapatanegra.com\/fr\/wp-json\/wp\/v2\/product"}],"about":[{"href":"https:\/\/aventurapatanegra.com\/fr\/wp-json\/wp\/v2\/types\/product"}],"replies":[{"embeddable":true,"href":"https:\/\/aventurapatanegra.com\/fr\/wp-json\/wp\/v2\/comments?post=4561"}],"wp:featuredmedia":[{"embeddable":true,"href":"https:\/\/aventurapatanegra.com\/fr\/wp-json\/wp\/v2\/media\/4194"}],"wp:attachment":[{"href":"https:\/\/aventurapatanegra.com\/fr\/wp-json\/wp\/v2\/media?parent=4561"}],"wp:term":[{"taxonomy":"product_brand","embeddable":true,"href":"https:\/\/aventurapatanegra.com\/fr\/wp-json\/wp\/v2\/product_brand?post=4561"},{"taxonomy":"product_cat","embeddable":true,"href":"https:\/\/aventurapatanegra.com\/fr\/wp-json\/wp\/v2\/product_cat?post=4561"},{"taxonomy":"product_tag","embeddable":true,"href":"https:\/\/aventurapatanegra.com\/fr\/wp-json\/wp\/v2\/product_tag?post=4561"}],"curies":[{"name":"wp","href":"https:\/\/api.w.org\/{rel}","templated":true}]}}