{"id":3158,"date":"2024-05-24T07:16:11","date_gmt":"2024-05-24T05:16:11","guid":{"rendered":"https:\/\/aventurapatanegra.com\/accueil\/"},"modified":"2026-01-05T13:12:12","modified_gmt":"2026-01-05T12:12:12","slug":"accueil","status":"publish","type":"page","link":"https:\/\/aventurapatanegra.com\/fr\/","title":{"rendered":"Aventura Pata Negra &#8211; Excursions en kayak, plong\u00e9e en apn\u00e9e et VTT \u00e0 D\u00e9nia et J\u00e1vea"},"content":{"rendered":"","protected":false},"excerpt":{"rendered":"","protected":false},"author":1,"featured_media":3718,"parent":0,"menu_order":0,"comment_status":"closed","ping_status":"closed","template":"","meta":{"_joinchat":[],"footnotes":""},"class_list":["post-3158","page","type-page","status-publish","has-post-thumbnail","hentry"],"_links":{"self":[{"href":"https:\/\/aventurapatanegra.com\/fr\/wp-json\/wp\/v2\/pages\/3158","targetHints":{"allow":["GET"]}}],"collection":[{"href":"https:\/\/aventurapatanegra.com\/fr\/wp-json\/wp\/v2\/pages"}],"about":[{"href":"https:\/\/aventurapatanegra.com\/fr\/wp-json\/wp\/v2\/types\/page"}],"author":[{"embeddable":true,"href":"https:\/\/aventurapatanegra.com\/fr\/wp-json\/wp\/v2\/users\/1"}],"replies":[{"embeddable":true,"href":"https:\/\/aventurapatanegra.com\/fr\/wp-json\/wp\/v2\/comments?post=3158"}],"version-history":[{"count":27,"href":"https:\/\/aventurapatanegra.com\/fr\/wp-json\/wp\/v2\/pages\/3158\/revisions"}],"predecessor-version":[{"id":5625,"href":"https:\/\/aventurapatanegra.com\/fr\/wp-json\/wp\/v2\/pages\/3158\/revisions\/5625"}],"wp:featuredmedia":[{"embeddable":true,"href":"https:\/\/aventurapatanegra.com\/fr\/wp-json\/wp\/v2\/media\/3718"}],"wp:attachment":[{"href":"https:\/\/aventurapatanegra.com\/fr\/wp-json\/wp\/v2\/media?parent=3158"}],"curies":[{"name":"wp","href":"https:\/\/api.w.org\/{rel}","templated":true}]}}